{"id":282,"date":"2026-03-03T15:09:08","date_gmt":"2026-03-03T15:09:08","guid":{"rendered":"https:\/\/bender-jobs.de\/?page_id=282"},"modified":"2026-03-03T15:24:53","modified_gmt":"2026-03-03T15:24:53","slug":"282-2","status":"publish","type":"page","link":"https:\/\/bender-jobs.de\/?page_id=282","title":{"rendered":"Impressum"},"content":{"rendered":"\n<div class=\"wp-block-group alignwide has-global-padding is-layout-constrained wp-block-group-is-layout-constrained\">\n<div style=\"height:120px\" aria-hidden=\"true\" class=\"wp-block-spacer\"><\/div>\n\n\n\n<h2 class=\"wp-block-heading alignwide has-text-align-center has-custom-mittelblau-color has-text-color has-link-color wp-elements-9f0af9294390ef83ac2d36101e9f87ff\">Impressum<\/h2>\n\n\n\n<div style=\"height:56px\" aria-hidden=\"true\" class=\"wp-block-spacer\"><\/div>\n\n\n\n<p class=\"has-text-align-center has-custom-mittelblau-color has-text-color has-link-color wp-elements-5826c05bfb18043a7fdf034bd34a5f41\"><strong>Heinz Bender GmbH &amp; Co. KG<\/strong><br>Gesch\u00e4ftsf\u00fchrer: Dipl.-Ing. (FH) Thomas Bender und <br>Dipl.-Ing. (FH) Andreas Bender<br>Teisendorfer Str. 37<br>DE-83451 Piding<\/p>\n\n\n\n<div style=\"height:63px\" aria-hidden=\"true\" class=\"wp-block-spacer\"><\/div>\n\n\n\n<p class=\"has-text-align-center has-custom-mittelblau-color has-text-color has-link-color wp-elements-f5057b3e3b457d5ec356764ed5ff972c\"><strong>Kontaktm\u00f6glichkeiten<\/strong><br>Tel: <a href=\"tel:+49(0)8651717329\" data-type=\"tel\" data-id=\"tel:+49(0)8651717329\">+49 (0)8651 \/ 717329<\/a><br><a href=\"mailto:info@bender-jobs.de\">info@bender-jobs.de<\/a><\/p>\n\n\n\n<div style=\"height:63px\" aria-hidden=\"true\" class=\"wp-block-spacer\"><\/div>\n\n\n\n<p class=\"has-text-align-center has-custom-mittelblau-color has-text-color has-link-color wp-elements-52370606684c5f468e2b9870f569bf42\"><strong>Vertreten durch die pers\u00f6nlich haftende Gesellschafterin:<br><\/strong>Bender Verwaltungs-GmbH, Piding<br>Registerort: Amtsgericht Traunstein<br>Registernummer: HRA 3083 \u2013 HRB 22553<br>Umsatzsteuer-ID: DE 127581970<\/p>\n\n\n\n<div style=\"height:120px\" aria-hidden=\"true\" class=\"wp-block-spacer\"><\/div>\n<\/div>\n","protected":false},"excerpt":{"rendered":"<p>Impressum Heinz Bender GmbH &amp; Co. KGGesch\u00e4ftsf\u00fchrer: Dipl.-Ing. (FH) Thomas Bender und Dipl.-Ing. (FH) Andreas BenderTeisendorfer Str. 37DE-83451 Piding Kontaktm\u00f6glichkeitenTel: +49 (0)8651 \/ 717329info@bender-jobs.de Vertreten durch die pers\u00f6nlich haftende Gesellschafterin:Bender Verwaltungs-GmbH, PidingRegisterort: Amtsgericht TraunsteinRegisternummer: HRA 3083 \u2013 HRB 22553Umsatzsteuer-ID: DE 127581970<\/p>\n","protected":false},"author":1,"featured_media":0,"parent":0,"menu_order":0,"comment_status":"closed","ping_status":"closed","template":"","meta":{"footnotes":""},"class_list":["post-282","page","type-page","status-publish","hentry"],"_links":{"self":[{"href":"https:\/\/bender-jobs.de\/index.php?rest_route=\/wp\/v2\/pages\/282","targetHints":{"allow":["GET"]}}],"collection":[{"href":"https:\/\/bender-jobs.de\/index.php?rest_route=\/wp\/v2\/pages"}],"about":[{"href":"https:\/\/bender-jobs.de\/index.php?rest_route=\/wp\/v2\/types\/page"}],"author":[{"embeddable":true,"href":"https:\/\/bender-jobs.de\/index.php?rest_route=\/wp\/v2\/users\/1"}],"replies":[{"embeddable":true,"href":"https:\/\/bender-jobs.de\/index.php?rest_route=%2Fwp%2Fv2%2Fcomments&post=282"}],"version-history":[{"count":4,"href":"https:\/\/bender-jobs.de\/index.php?rest_route=\/wp\/v2\/pages\/282\/revisions"}],"predecessor-version":[{"id":291,"href":"https:\/\/bender-jobs.de\/index.php?rest_route=\/wp\/v2\/pages\/282\/revisions\/291"}],"wp:attachment":[{"href":"https:\/\/bender-jobs.de\/index.php?rest_route=%2Fwp%2Fv2%2Fmedia&parent=282"}],"curies":[{"name":"wp","href":"https:\/\/api.w.org\/{rel}","templated":true}]}}